{"id":17,"date":"2016-12-28T12:18:12","date_gmt":"2016-12-28T12:18:12","guid":{"rendered":"http:\/\/krauseimmo.de\/?page_id=17"},"modified":"2016-12-28T12:28:58","modified_gmt":"2016-12-28T12:28:58","slug":"ueber-uns","status":"publish","type":"page","link":"https:\/\/krauseimmo.de\/?page_id=17","title":{"rendered":"\u00dcber uns"},"content":{"rendered":"<p>Im Immobilienbereich werden t\u00e4glich Entscheidungen allergr\u00f6\u00dfter Tragweite f\u00fcr ganze Familien getroffen. Dabei ist es unser Anliegen, dass Fairness vor Profitdenken steht, dass Sie Verst\u00e4ndnis daf\u00fcr haben, wenn wir Ihnen auch offen auch negative Aspekte nennen und Ihnen wom\u00f6glich mal ganz von einer Sache abraten. Nur durch vern\u00fcnftigen Umgang mit Kunden kann das Vertrauen entstehen und erhalten bleiben, das f\u00fcr die Gesellschaft und das Gesch\u00e4ftsleben von fundamentaler Bedeutung ist.<\/p>\n<p>Wir stellen uns auf Ihre Bed\u00fcrfnisse ein und\u00a0helfen Ihnen gerne dabei, einen Ort zu finden, der diesen Bed\u00fcrfnissen entspricht, zu Ihnen passt und obendrein Ihren M\u00f6glichkeiten entspricht.<\/p>\n","protected":false},"excerpt":{"rendered":"<p>Im Immobilienbereich werden t\u00e4glich Entscheidungen allergr\u00f6\u00dfter Tragweite f\u00fcr ganze Familien getroffen. Dabei ist es unser Anliegen, dass Fairness vor Profitdenken steht, dass Sie Verst\u00e4ndnis daf\u00fcr haben, wenn wir Ihnen auch offen auch negative Aspekte nennen und Ihnen wom\u00f6glich mal ganz von einer Sache abraten. Nur durch vern\u00fcnftigen Umgang mit Kunden kann das Vertrauen entstehen und [&hellip;]<\/p>\n","protected":false},"author":2,"featured_media":0,"parent":0,"menu_order":0,"comment_status":"closed","ping_status":"closed","template":"","meta":[],"wppr_data":[],"_links":{"self":[{"href":"https:\/\/krauseimmo.de\/index.php?rest_route=\/wp\/v2\/pages\/17"}],"collection":[{"href":"https:\/\/krauseimmo.de\/index.php?rest_route=\/wp\/v2\/pages"}],"about":[{"href":"https:\/\/krauseimmo.de\/index.php?rest_route=\/wp\/v2\/types\/page"}],"author":[{"embeddable":true,"href":"https:\/\/krauseimmo.de\/index.php?rest_route=\/wp\/v2\/users\/2"}],"replies":[{"embeddable":true,"href":"https:\/\/krauseimmo.de\/index.php?rest_route=%2Fwp%2Fv2%2Fcomments&post=17"}],"version-history":[{"count":2,"href":"https:\/\/krauseimmo.de\/index.php?rest_route=\/wp\/v2\/pages\/17\/revisions"}],"predecessor-version":[{"id":30,"href":"https:\/\/krauseimmo.de\/index.php?rest_route=\/wp\/v2\/pages\/17\/revisions\/30"}],"wp:attachment":[{"href":"https:\/\/krauseimmo.de\/index.php?rest_route=%2Fwp%2Fv2%2Fmedia&parent=17"}],"curies":[{"name":"wp","href":"https:\/\/api.w.org\/{rel}","templated":true}]}}